{"id":110,"date":"2025-06-16T11:27:28","date_gmt":"2025-06-16T14:27:28","guid":{"rendered":"https:\/\/garuvacompatas.com.br\/?page_id=110"},"modified":"2025-06-16T11:29:41","modified_gmt":"2025-06-16T14:29:41","slug":"maus-tratos","status":"publish","type":"page","link":"https:\/\/garuvacompatas.com.br\/?page_id=110","title":{"rendered":"Maus-tratos"},"content":{"rendered":"\n<p>Pensando em colaborar com o entendimento da popula\u00e7\u00e3o, formulamos um Guia Pr\u00e1tico para avalia\u00e7\u00e3o inicial de maus-tratos a c\u00e3es e gatos. Confira:<\/p>\n\n\n\n<h2 class=\"wp-block-heading\"><br><strong>CONCEITOS E DEFINI\u00c7\u00d5ES<\/strong><\/h2>\n\n\n\n<p><br>\u2022 Maus-tratos intencionais: t\u00eam objetivo de produzir dano f\u00edsico ou psicol\u00f3gico ao animal. Observa-se, por exemplo, a agress\u00e3o direta ao animal ou crueldade intencional.<br>\u2022 Maus-tratos n\u00e3o intencionais: resultante de um conjunto de fatores n\u00e3o premeditados, tais como falta de supervis\u00e3o, indiferen\u00e7a, neglig\u00eancia ou falta de conhecimento; ou ainda de patologias psicossociais do tutor (por exemplo, esquizofrenia ou s\u00edndrome de acumulador).<br>\u2022 Neglig\u00eancia: quando n\u00e3o s\u00e3o fornecidos os devidos cuidados a animais que estejam sob responsabilidade da pessoa em quest\u00e3o, sendo a neglig\u00eancia intencional ou n\u00e3o. Geralmente \u00e9 resultante da falha em fornecer recursos b\u00e1sicos necess\u00e1rios, tais como: \u00e1gua, alimento e abrigo.<br>\u2022 Crueldade: qualquer a\u00e7\u00e3o que gere sofrimento ou danos desnecess\u00e1rios aos animais. Uma demonstra\u00e7\u00e3o clara de crueldade \u00e9 a falta de cuidados veterin\u00e1rios no caso de feridas ou les\u00f5es abertas ou animais que fiquem presos, acorrentados, sem possibilidade de se mover ou deitar.<\/p>\n\n\n\n<h2 class=\"wp-block-heading\"><br>FIQUE ATENTO AOS SINAIS DE MAUS-TRATOS<\/h2>\n\n\n\n<p><br><strong>Crit\u00e9rios F\u00edsicos<\/strong><br>Diretos:<br>1. Escoria\u00e7\u00f5es corporais (existem pequenos machucados superficiais no corpo do animal?)<br>2. Pelagem (seu pelo est\u00e1 normal? Possui falhas?)<br>3. Presen\u00e7a ou n\u00e3o de ferimentos (\u00e9 poss\u00edvel ver machucados ou feridas com resqu\u00edcios de sangue nele?)<\/p>\n\n\n\n<p><br><strong>Indiretos<br><\/strong>1. Tipo de alimenta\u00e7\u00e3o (voc\u00ea consegue ver se ele come? Ra\u00e7\u00e3o, restos de comida, etc)<br>2. \u00c1gua (quantidade, qualidade e disponibilidade)<\/p>\n\n\n\n<p><br><strong>Crit\u00e9rios Comportamentais<\/strong><\/p>\n\n\n\n<p><strong><br>Diretos<br><\/strong>1. Comportamentos anormais e\/ou repetitivos sem fun\u00e7\u00e3o aparente, tais como a\u00e7\u00e3o de se co\u00e7ar exageradamente<br>2. Resposta do animal \u00e0s tentativas de aproxima\u00e7\u00e3o: amistoso, amedrontado, agressivo, indiferente ou neutro, incapaz de intera\u00e7\u00e3o normal em decorr\u00eancia de fraqueza, inani\u00e7\u00e3o ou doen\u00e7a, etc<\/p>\n\n\n\n<p><br><strong>Indiretos<\/strong><br>1. Comportamento do animal na presen\u00e7a de seu tutor<br>2. Tipo de intera\u00e7\u00e3o com os outros animais no ambiente<\/p>\n\n\n\n<p><br><strong>ALGUNS EXEMPLOS EM RELA\u00c7\u00c3O AO AMBIENTE<\/strong><br><br>Casa e quintal: limpeza do ambiente e das instala\u00e7\u00f5es, arejamento, incid\u00eancia de luz natural, etc<\/p>\n\n\n\n<p>Alimento oferecido aos animais: estocagem, estado de conserva\u00e7\u00e3o, tipo e limpeza dos comedouros<\/p>\n\n\n\n<p>\u00c1gua: condi\u00e7\u00f5es, tipo de recipiente e limpeza do mesmo, disponibilidade Acomoda\u00e7\u00e3o espec\u00edfica do animal (casinha, camas e abrigos): qualidade,<br>capacidade de isolamento t\u00e9rmico, prote\u00e7\u00e3o de intemp\u00e9ries, etc.<\/p>\n\n\n\n<p>Animais mantidos em correntes: observar les\u00f5es na regi\u00e3o da coleira, verificar o tamanho da corrente (animal possui espa\u00e7o para defecar e urinar distante do abrigo? Ele consegue se movimentar adequadamente).<br><br>Sabemos que nem sempre \u00e9 poss\u00edvel verificar tantos detalhes em rela\u00e7\u00e3o ao caso, mas quanto mais informa\u00e7\u00f5es forem poss\u00edveis de passar, mais chances de salvar o animal voc\u00ea ter\u00e1 e, assim, evitar falsas den\u00fancias. Tamb\u00e9m \u00e9 v\u00e1lido, inicialmente, um di\u00e1logo com o tutor do animal, pois este pode desconhecer a forma saud\u00e1vel de manejar seu animalzinho. Pense nisso.<\/p>\n\n\n\n<p><\/p>\n\n\n\n<p><\/p>\n","protected":false},"excerpt":{"rendered":"<p>Pensando em colaborar com o entendimento da popula\u00e7\u00e3o, formulamos um Guia Pr\u00e1tico para avalia\u00e7\u00e3o inicial de maus-tratos a c\u00e3es e gatos. Confira: CONCEITOS E DEFINI\u00c7\u00d5ES \u2022 Maus-tratos intencionais: t\u00eam objetivo de produzir dano f\u00edsico ou psicol\u00f3gico ao animal. Observa-se, por exemplo, a agress\u00e3o direta ao animal ou crueldade intencional.\u2022 Maus-tratos n\u00e3o intencionais: resultante de um [&hellip;]<\/p>\n","protected":false},"author":1,"featured_media":0,"parent":0,"menu_order":0,"comment_status":"closed","ping_status":"closed","template":"","meta":{"saved_in_kubio":true,"footnotes":""},"class_list":["post-110","page","type-page","status-publish","hentry"],"kubio_ai_page_context":{"short_desc":"","purpose":"general"},"_links":{"self":[{"href":"https:\/\/garuvacompatas.com.br\/index.php?rest_route=\/wp\/v2\/pages\/110","targetHints":{"allow":["GET"]}}],"collection":[{"href":"https:\/\/garuvacompatas.com.br\/index.php?rest_route=\/wp\/v2\/pages"}],"about":[{"href":"https:\/\/garuvacompatas.com.br\/index.php?rest_route=\/wp\/v2\/types\/page"}],"author":[{"embeddable":true,"href":"https:\/\/garuvacompatas.com.br\/index.php?rest_route=\/wp\/v2\/users\/1"}],"replies":[{"embeddable":true,"href":"https:\/\/garuvacompatas.com.br\/index.php?rest_route=%2Fwp%2Fv2%2Fcomments&post=110"}],"version-history":[{"count":3,"href":"https:\/\/garuvacompatas.com.br\/index.php?rest_route=\/wp\/v2\/pages\/110\/revisions"}],"predecessor-version":[{"id":115,"href":"https:\/\/garuvacompatas.com.br\/index.php?rest_route=\/wp\/v2\/pages\/110\/revisions\/115"}],"wp:attachment":[{"href":"https:\/\/garuvacompatas.com.br\/index.php?rest_route=%2Fwp%2Fv2%2Fmedia&parent=110"}],"curies":[{"name":"wp","href":"https:\/\/api.w.org\/{rel}","templated":true}]}}