{"id":117,"date":"2025-08-25T09:04:00","date_gmt":"2025-08-25T12:04:00","guid":{"rendered":"https:\/\/garuvacompatas.com.br\/?page_id=117"},"modified":"2025-08-25T10:03:55","modified_gmt":"2025-08-25T13:03:55","slug":"programa-de-castracao","status":"publish","type":"page","link":"https:\/\/garuvacompatas.com.br\/?page_id=117","title":{"rendered":"Programa de Castra\u00e7\u00e3o"},"content":{"rendered":"\n<figure class=\"wp-block-image size-large\" style=\"margin-top:0;margin-bottom:0\"><img loading=\"lazy\" decoding=\"async\" width=\"1024\" height=\"354\" src=\"https:\/\/garuvacompatas.com.br\/wp-content\/uploads\/2025\/08\/Banner-site-bem-estar-animal-1-1024x354.png\" alt=\"\" class=\"wp-image-127\" srcset=\"https:\/\/garuvacompatas.com.br\/wp-content\/uploads\/2025\/08\/Banner-site-bem-estar-animal-1-1024x354.png 1024w, https:\/\/garuvacompatas.com.br\/wp-content\/uploads\/2025\/08\/Banner-site-bem-estar-animal-1-300x104.png 300w, https:\/\/garuvacompatas.com.br\/wp-content\/uploads\/2025\/08\/Banner-site-bem-estar-animal-1-768x266.png 768w, https:\/\/garuvacompatas.com.br\/wp-content\/uploads\/2025\/08\/Banner-site-bem-estar-animal-1.png 1300w\" sizes=\"(max-width: 1024px) 100vw, 1024px\" \/><\/figure>\n\n\n\n<p>A castra\u00e7\u00e3o gratuita oferecida pela Prefeitura de Garuva \u00e9 um servi\u00e7o importante para o controle populacional e sa\u00fade dos animais de estima\u00e7\u00e3o. <\/p>\n\n\n\n<p>Segue as instru\u00e7\u00f5es para participa\u00e7\u00e3o no&nbsp;<strong>Programa de Castra\u00e7\u00e3o Gratuita<\/strong>:<\/p>\n\n\n\n<ul class=\"wp-block-list\">\n<li>O tutor dever\u00e1 apresentar&nbsp;<strong>Cart\u00e3o Cidad\u00e3o<\/strong>,&nbsp;<strong>NIS (N\u00famero de Inscri\u00e7\u00e3o Social)<\/strong>,&nbsp;<strong>Comprovante de Resid\u00eancia<\/strong>, <strong>Cadastro \u00danico<\/strong>&nbsp;ou&nbsp;<strong>declara\u00e7\u00e3o de baixa renda<\/strong>&nbsp;fornecida pelo CRAS;<\/li>\n\n\n\n<li>O programa \u00e9 voltado prioritariamente para:\n<ul class=\"wp-block-list\">\n<li>Animais&nbsp;<strong>SRD (sem ra\u00e7a definida)<\/strong>, resgatados de abandono ou maus-tratos;<\/li>\n\n\n\n<li>Pessoas de&nbsp;<strong>baixa renda<\/strong>&nbsp;que possuam ac\u00famulo de animais;<\/li>\n\n\n\n<li>Animais que apresentem&nbsp;<strong>risco \u00e0 sociedade civil<\/strong>&nbsp;(como&nbsp;<strong>pit bulls e ra\u00e7as derivadas<\/strong>);<\/li>\n\n\n\n<li>Casos encaminhados por&nbsp;<strong>den\u00fancias<\/strong>.<\/li>\n<\/ul>\n<\/li>\n<\/ul>\n\n\n\n<p>Procure o Departamento de Bem-Estar Animal, localizado na Av. Celso Ramos, 1614 &#8211; Centro, e fa\u00e7a sua inscri\u00e7\u00e3o. N\u00e3o esque\u00e7a de levar os documentos necess\u00e1rios!<\/p>\n\n\n\n<p><\/p>\n","protected":false},"excerpt":{"rendered":"<p>A castra\u00e7\u00e3o gratuita oferecida pela Prefeitura de Garuva \u00e9 um servi\u00e7o importante para o controle populacional e sa\u00fade dos animais de estima\u00e7\u00e3o. Segue as instru\u00e7\u00f5es para participa\u00e7\u00e3o no&nbsp;Programa de Castra\u00e7\u00e3o Gratuita: Procure o Departamento de Bem-Estar Animal, localizado na Av. Celso Ramos, 1614 &#8211; Centro, e fa\u00e7a sua inscri\u00e7\u00e3o. N\u00e3o esque\u00e7a de levar os documentos [&hellip;]<\/p>\n","protected":false},"author":1,"featured_media":125,"parent":0,"menu_order":0,"comment_status":"closed","ping_status":"closed","template":"","meta":{"saved_in_kubio":false,"footnotes":""},"class_list":["post-117","page","type-page","status-publish","has-post-thumbnail","hentry"],"kubio_ai_page_context":{"short_desc":"","purpose":"general"},"_links":{"self":[{"href":"https:\/\/garuvacompatas.com.br\/index.php?rest_route=\/wp\/v2\/pages\/117","targetHints":{"allow":["GET"]}}],"collection":[{"href":"https:\/\/garuvacompatas.com.br\/index.php?rest_route=\/wp\/v2\/pages"}],"about":[{"href":"https:\/\/garuvacompatas.com.br\/index.php?rest_route=\/wp\/v2\/types\/page"}],"author":[{"embeddable":true,"href":"https:\/\/garuvacompatas.com.br\/index.php?rest_route=\/wp\/v2\/users\/1"}],"replies":[{"embeddable":true,"href":"https:\/\/garuvacompatas.com.br\/index.php?rest_route=%2Fwp%2Fv2%2Fcomments&post=117"}],"version-history":[{"count":5,"href":"https:\/\/garuvacompatas.com.br\/index.php?rest_route=\/wp\/v2\/pages\/117\/revisions"}],"predecessor-version":[{"id":130,"href":"https:\/\/garuvacompatas.com.br\/index.php?rest_route=\/wp\/v2\/pages\/117\/revisions\/130"}],"wp:featuredmedia":[{"embeddable":true,"href":"https:\/\/garuvacompatas.com.br\/index.php?rest_route=\/wp\/v2\/media\/125"}],"wp:attachment":[{"href":"https:\/\/garuvacompatas.com.br\/index.php?rest_route=%2Fwp%2Fv2%2Fmedia&parent=117"}],"curies":[{"name":"wp","href":"https:\/\/api.w.org\/{rel}","templated":true}]}}