{"id":50,"date":"2025-06-06T10:42:06","date_gmt":"2025-06-06T13:42:06","guid":{"rendered":"https:\/\/garuvacompatas.com.br\/?page_id=50"},"modified":"2025-06-06T10:42:15","modified_gmt":"2025-06-06T13:42:15","slug":"como-funciona-a-microchipagem","status":"publish","type":"page","link":"https:\/\/garuvacompatas.com.br\/?page_id=50","title":{"rendered":"Como funciona a microchipagem"},"content":{"rendered":"\n<figure class=\"wp-block-image size-large\"><img loading=\"lazy\" decoding=\"async\" width=\"1920\" height=\"500\" src=\"https:\/\/garuvacompatas.com.br\/wp-content\/uploads\/2025\/06\/Como-funciona-a-microchipagem.jpg\" alt=\"\" class=\"wp-image-51\" srcset=\"https:\/\/garuvacompatas.com.br\/wp-content\/uploads\/2025\/06\/Como-funciona-a-microchipagem.jpg 1920w, https:\/\/garuvacompatas.com.br\/wp-content\/uploads\/2025\/06\/Como-funciona-a-microchipagem-300x78.jpg 300w, https:\/\/garuvacompatas.com.br\/wp-content\/uploads\/2025\/06\/Como-funciona-a-microchipagem-1024x267.jpg 1024w, https:\/\/garuvacompatas.com.br\/wp-content\/uploads\/2025\/06\/Como-funciona-a-microchipagem-768x200.jpg 768w, https:\/\/garuvacompatas.com.br\/wp-content\/uploads\/2025\/06\/Como-funciona-a-microchipagem-1536x400.jpg 1536w\" sizes=\"(max-width: 1920px) 100vw, 1920px\" \/><\/figure>\n\n\n\n<p> <\/p>\n\n\n\n<p>O microchip \u00e9 um dispositivo de identifica\u00e7\u00e3o que armazena dados do animal e de seu propriet\u00e1rio, permitindo sua leitura sempre que necess\u00e1rio. A implanta\u00e7\u00e3o do chip \u00e9 oferecida gratuitamente para animais castrados atrav\u00e9s do programa municipal.<\/p>\n\n\n\n<p>Todos os animais atendidos pelo programa j\u00e1 s\u00e3o liberados castrados e microchipados, ficando sob o monitoramento da Diretoria de Bem-Estar Animal.<\/p>\n","protected":false},"excerpt":{"rendered":"<p>O microchip \u00e9 um dispositivo de identifica\u00e7\u00e3o que armazena dados do animal e de seu propriet\u00e1rio, permitindo sua leitura sempre que necess\u00e1rio. A implanta\u00e7\u00e3o do chip \u00e9 oferecida gratuitamente para animais castrados atrav\u00e9s do programa municipal. Todos os animais atendidos pelo programa j\u00e1 s\u00e3o liberados castrados e microchipados, ficando sob o monitoramento da Diretoria de [&hellip;]<\/p>\n","protected":false},"author":1,"featured_media":0,"parent":0,"menu_order":0,"comment_status":"closed","ping_status":"closed","template":"","meta":{"saved_in_kubio":false,"footnotes":""},"class_list":["post-50","page","type-page","status-publish","hentry"],"kubio_ai_page_context":{"short_desc":"","purpose":"general"},"_links":{"self":[{"href":"https:\/\/garuvacompatas.com.br\/index.php?rest_route=\/wp\/v2\/pages\/50","targetHints":{"allow":["GET"]}}],"collection":[{"href":"https:\/\/garuvacompatas.com.br\/index.php?rest_route=\/wp\/v2\/pages"}],"about":[{"href":"https:\/\/garuvacompatas.com.br\/index.php?rest_route=\/wp\/v2\/types\/page"}],"author":[{"embeddable":true,"href":"https:\/\/garuvacompatas.com.br\/index.php?rest_route=\/wp\/v2\/users\/1"}],"replies":[{"embeddable":true,"href":"https:\/\/garuvacompatas.com.br\/index.php?rest_route=%2Fwp%2Fv2%2Fcomments&post=50"}],"version-history":[{"count":3,"href":"https:\/\/garuvacompatas.com.br\/index.php?rest_route=\/wp\/v2\/pages\/50\/revisions"}],"predecessor-version":[{"id":88,"href":"https:\/\/garuvacompatas.com.br\/index.php?rest_route=\/wp\/v2\/pages\/50\/revisions\/88"}],"wp:attachment":[{"href":"https:\/\/garuvacompatas.com.br\/index.php?rest_route=%2Fwp%2Fv2%2Fmedia&parent=50"}],"curies":[{"name":"wp","href":"https:\/\/api.w.org\/{rel}","templated":true}]}}