{"id":62,"date":"2025-06-06T10:45:52","date_gmt":"2025-06-06T13:45:52","guid":{"rendered":"https:\/\/garuvacompatas.com.br\/?page_id=62"},"modified":"2025-08-25T09:25:45","modified_gmt":"2025-08-25T12:25:45","slug":"quem-somos","status":"publish","type":"page","link":"https:\/\/garuvacompatas.com.br\/?page_id=62","title":{"rendered":"Quem somos"},"content":{"rendered":"\n<figure class=\"wp-block-image size-large\"><img loading=\"lazy\" decoding=\"async\" width=\"1024\" height=\"267\" src=\"https:\/\/garuvacompatas.com.br\/wp-content\/uploads\/2025\/06\/Clinicas-Credenciadas-1-1024x267.jpg\" alt=\"\" class=\"wp-image-63\" srcset=\"https:\/\/garuvacompatas.com.br\/wp-content\/uploads\/2025\/06\/Clinicas-Credenciadas-1-1024x267.jpg 1024w, https:\/\/garuvacompatas.com.br\/wp-content\/uploads\/2025\/06\/Clinicas-Credenciadas-1-300x78.jpg 300w, https:\/\/garuvacompatas.com.br\/wp-content\/uploads\/2025\/06\/Clinicas-Credenciadas-1-768x200.jpg 768w, https:\/\/garuvacompatas.com.br\/wp-content\/uploads\/2025\/06\/Clinicas-Credenciadas-1-1536x400.jpg 1536w, https:\/\/garuvacompatas.com.br\/wp-content\/uploads\/2025\/06\/Clinicas-Credenciadas-1.jpg 1920w\" sizes=\"(max-width: 1024px) 100vw, 1024px\" \/><\/figure>\n\n\n\n<p>O Garuva com Patas \u00e9 uma iniciativa da Prefeitura de Garuva, desenvolvida pela Secretaria de Comunica\u00e7\u00e3o, Inova\u00e7\u00e3o e Turismo e a Secretaria de Agricultura. Esse programa visa ampliar as informa\u00e7\u00f5es a respeito da causa animal em Garuva, promovendo a conscientiza\u00e7\u00e3o e o bem-estar dos animais no munic\u00edpio.<\/p>\n\n\n\n<p><strong>Diretoria de Bem-Estar Animal<br><\/strong>A Diretoria de Bem-Estar Animal desenvolve um conjunto de a\u00e7\u00f5es visando garantir o equil\u00edbrio ambiental com a\u00e7\u00f5es integradas de prote\u00e7\u00e3o, defesa e bem-estar animal. Essa Diretoria desenvolve a\u00e7\u00f5es e procedimentos visando a realiza\u00e7\u00e3o de controle populacional de animais dom\u00e9sticos e zoonoses, bem como outros procedimentos necess\u00e1rios \u00e0 assist\u00eancia de animais abandonados e em situa\u00e7\u00e3o de maus-tratos.<\/p>\n\n\n\n<p>As principais atividades consistem em elaborar e implementar instrumentos legais que atendam aos preceitos de sa\u00fade e prote\u00e7\u00e3o. O Bem-Estar Animal fomenta a realiza\u00e7\u00e3o de eventos municipais educativos relacionados ao bem-estar animal dom\u00e9stico e campanhas peri\u00f3dicas de ado\u00e7\u00e3o respons\u00e1vel, assim como a realiza\u00e7\u00e3o peri\u00f3dica de feiras de ado\u00e7\u00e3o.<\/p>\n\n\n\n<p>Os servi\u00e7os oferecidos pelo Bem-Estar Animal englobam microchipagem, esteriliza\u00e7\u00e3o cir\u00fargica de c\u00e3es e gatos, assim como a medica\u00e7\u00e3o p\u00f3s-cir\u00fargica a ser entregue aos tutores.<br><br><strong>Entre em contato com o Bem-Estar Animal atrav\u00e9s do telefone 47 99725-2598<\/strong> <strong>ou 47 9722-2724<\/strong><\/p>\n\n\n\n<p><\/p>\n\n\n\n<p><\/p>\n\n\n\n<p><\/p>\n","protected":false},"excerpt":{"rendered":"<p>O Garuva com Patas \u00e9 uma iniciativa da Prefeitura de Garuva, desenvolvida pela Secretaria de Comunica\u00e7\u00e3o, Inova\u00e7\u00e3o e Turismo e a Secretaria de Agricultura. Esse programa visa ampliar as informa\u00e7\u00f5es a respeito da causa animal em Garuva, promovendo a conscientiza\u00e7\u00e3o e o bem-estar dos animais no munic\u00edpio. Diretoria de Bem-Estar AnimalA Diretoria de Bem-Estar Animal [&hellip;]<\/p>\n","protected":false},"author":1,"featured_media":0,"parent":0,"menu_order":0,"comment_status":"closed","ping_status":"closed","template":"","meta":{"saved_in_kubio":true,"footnotes":""},"class_list":["post-62","page","type-page","status-publish","hentry"],"kubio_ai_page_context":{"short_desc":"","purpose":"general"},"_links":{"self":[{"href":"https:\/\/garuvacompatas.com.br\/index.php?rest_route=\/wp\/v2\/pages\/62","targetHints":{"allow":["GET"]}}],"collection":[{"href":"https:\/\/garuvacompatas.com.br\/index.php?rest_route=\/wp\/v2\/pages"}],"about":[{"href":"https:\/\/garuvacompatas.com.br\/index.php?rest_route=\/wp\/v2\/types\/page"}],"author":[{"embeddable":true,"href":"https:\/\/garuvacompatas.com.br\/index.php?rest_route=\/wp\/v2\/users\/1"}],"replies":[{"embeddable":true,"href":"https:\/\/garuvacompatas.com.br\/index.php?rest_route=%2Fwp%2Fv2%2Fcomments&post=62"}],"version-history":[{"count":7,"href":"https:\/\/garuvacompatas.com.br\/index.php?rest_route=\/wp\/v2\/pages\/62\/revisions"}],"predecessor-version":[{"id":124,"href":"https:\/\/garuvacompatas.com.br\/index.php?rest_route=\/wp\/v2\/pages\/62\/revisions\/124"}],"wp:attachment":[{"href":"https:\/\/garuvacompatas.com.br\/index.php?rest_route=%2Fwp%2Fv2%2Fmedia&parent=62"}],"curies":[{"name":"wp","href":"https:\/\/api.w.org\/{rel}","templated":true}]}}